{"id":466,"date":"2014-02-26T08:57:32","date_gmt":"2014-02-26T07:57:32","guid":{"rendered":"http:\/\/p1327.phpnet.org\/christphoto\/?page_id=466"},"modified":"2020-02-16T12:24:30","modified_gmt":"2020-02-16T11:24:30","slug":"accueil","status":"publish","type":"page","link":"https:\/\/p1327.phpnet.org\/pix\/christphoto\/","title":{"rendered":"Accueil"},"content":{"rendered":"<p><!--:en--><\/p>\n<h2 style=\"text-align: center;\">Christphoto photographe professionnel, \u00e9v\u00e9nementiel, artistique, sp\u00e9cialiste du noir et blanc proche de Rambouillet en ile de France, sp\u00e9cialiste des femmes rondes entre autres.<\/h2>\n<h2 style=\"text-align: center;\"><a title=\"presentation\" href=\"http:\/\/p1327.phpnet.org\/pix\/christphoto\/page-daccueil\/\">ENTRER \/ENTER<\/a><\/h2>\n<p><!--:--><!--:fr--><\/p>\n<h1 style=\"text-align: center;\"><img loading=\"lazy\" decoding=\"async\" class=\"aligncenter size-full wp-image-564\" src=\"http:\/\/p1327.phpnet.org\/pix\/christphoto\/wp-content\/uploads\/2014\/02\/logo.png\" alt=\"logo\" width=\"208\" height=\"47\" \/><\/h1>\n<h1 style=\"text-align: center;\"><a title=\"Portfolio\" href=\"http:\/\/p1327.phpnet.org\/pix\/christphoto\/portfolio-2\/\">PORTFOLIO<\/a> &#8211; <a title=\"presentation\" href=\"http:\/\/p1327.phpnet.org\/pix\/christphoto\/page-daccueil\/\">A PROPOS DE<\/a><\/h1>\n<h1 style=\"text-align: center;\"><a href=\"http:\/\/p1327.phpnet.org\/pix\/christphoto\/serie-2\/\">S\u00c9RIE<br \/>\n<\/a><\/h1>\n<p><!--:--><\/p>\n","protected":false},"excerpt":{"rendered":"<p>Christphoto photographe professionnel, \u00e9v\u00e9nementiel, artistique, sp\u00e9cialiste du noir et blanc proche de Rambouillet en ile de France, sp\u00e9cialiste des femmes rondes entre autres. ENTRER \/ENTER PORTFOLIO &#8211; A PROPOS DE S\u00c9RIE<\/p>\n","protected":false},"author":1,"featured_media":0,"parent":0,"menu_order":0,"comment_status":"open","ping_status":"open","template":"fullpage.php","meta":{"footnotes":""},"_links":{"self":[{"href":"https:\/\/p1327.phpnet.org\/pix\/christphoto\/wp-json\/wp\/v2\/pages\/466"}],"collection":[{"href":"https:\/\/p1327.phpnet.org\/pix\/christphoto\/wp-json\/wp\/v2\/pages"}],"about":[{"href":"https:\/\/p1327.phpnet.org\/pix\/christphoto\/wp-json\/wp\/v2\/types\/page"}],"author":[{"embeddable":true,"href":"https:\/\/p1327.phpnet.org\/pix\/christphoto\/wp-json\/wp\/v2\/users\/1"}],"replies":[{"embeddable":true,"href":"https:\/\/p1327.phpnet.org\/pix\/christphoto\/wp-json\/wp\/v2\/comments?post=466"}],"version-history":[{"count":44,"href":"https:\/\/p1327.phpnet.org\/pix\/christphoto\/wp-json\/wp\/v2\/pages\/466\/revisions"}],"predecessor-version":[{"id":1239,"href":"https:\/\/p1327.phpnet.org\/pix\/christphoto\/wp-json\/wp\/v2\/pages\/466\/revisions\/1239"}],"wp:attachment":[{"href":"https:\/\/p1327.phpnet.org\/pix\/christphoto\/wp-json\/wp\/v2\/media?parent=466"}],"curies":[{"name":"wp","href":"https:\/\/api.w.org\/{rel}","templated":true}]}}