{"id":365,"date":"2014-02-25T19:13:39","date_gmt":"2014-02-25T18:13:39","guid":{"rendered":"http:\/\/p1327.phpnet.org\/christphoto\/?page_id=365"},"modified":"2020-02-16T12:10:09","modified_gmt":"2020-02-16T11:10:09","slug":"recueil-de-seance","status":"publish","type":"page","link":"https:\/\/p1327.phpnet.org\/pix\/christphoto\/page-daccueil\/recueil-de-seance\/","title":{"rendered":"Temoignage"},"content":{"rendered":"<p><!--:en--><\/p>\n<p><!--:--><!--:fr--><strong>Quelques mots de mod\u00e8les suite \u00e0\u00a0une s\u00e9ance:<br \/>\n<\/strong> <span style=\"text-decoration: underline;\"><strong>Nathalie:<\/strong><\/span> <strong>Enfin je prends quelques minutes pour laisser mon empreinte! Il y a maintenant un an que nous travaillons ensemble, et je ne trouve pas de mot assez fort pour dire combien j&rsquo;en suis heureuse. Tu es un photographe extraordinaire, adorable et humain, avec un talent cr\u00e9atif hors norme et sans limite, mais qui a\u00a0pour r\u00e9sultat un travail d&rsquo;un professionnalisme spectaculaire ! De plus, tu m&rsquo;as aid\u00e9 \u00e0 voir mon corps tel qu&rsquo;il est gr\u00e2ce \u00e0 notre s\u00e9ance lingerie, \u00e0 m&rsquo;ouvrir les yeux sur ce qu&rsquo;il est r\u00e9ellement, c&rsquo;est \u00e0 dire beau, et ca je t&rsquo;en suis infiniment reconnaissante. J\u2019esp\u00e8re continuer le plus longtemps possible nos collaborations, mais surtout pouvoir admirer tes \u0153uvres encore plus longtemps . De plus j&rsquo;ai fais la connaissance de ta petite femme qui est adorable . je finirai en disant que ceux qui h\u00e9sitent \u00e0 te contacter ne doivent plus h\u00e9siter, mais foncer<\/strong><\/p>\n<p><strong><span style=\"text-decoration: underline;\">La Viper :<\/span> Mod\u00e8le depuis quelques ann\u00e9es d\u00e9sormais j aime d\u00e9couvrir de nouveau artiste &#8230; Oui artiste et non photographe . C est l effet que ma fait les clich\u00e9s de christphoto . J aime sa fa\u00e7on de mettre en valeur la femme ses courbes et la beaut\u00e9 du corp f\u00e9minin . C est vraiment un travail qui est magnifique que cela soit en argentique ou avec Un reflex \u00e7a reste tjs de la magie voici pourquoi j&rsquo;aimerai trouver un moment pour collaborer et travailler avec Christphoto. au plaisir.<\/strong><\/p>\n<p><span style=\"text-decoration: underline;\"><strong>M.C. :<\/strong><\/span> <strong> Premi\u00e8re s\u00e9ance faite en f\u00e9vrier , ambiance tr\u00e8s d\u00e9tendu , sympa, photographe qui met \u00e0 l&rsquo;aise ! Du fun, de l&rsquo;amusement pour un r\u00e9sultat sensass !<\/strong><\/p>\n<p><span style=\"text-decoration: underline;\"><strong>Titia :<\/strong><\/span> <strong> Superbe S\u00e9ance Christophe c&rsquo;est mettre tr\u00e8s \u00e0 l&rsquo;aise ses mod\u00e8les, S\u00e9rieux et Professionnelle Que ce soit durant la s\u00e9ance ou pour les retouches des photos. Il s\u2019investit \u00e0 fond dans ce qui cherche \u00e0 faire ressentir \u00e0 son public. A tr\u00e8s Vite pour une seconde s\u00e9ance photos<\/strong><\/p>\n<p><span style=\"text-decoration: underline;\"><strong>Soledad :<\/strong><\/span> <strong> Chrisphoto est quelqu&rsquo;un de tr\u00e8s agr\u00e9able. Pour quelqu&rsquo;un qui d\u00e9bute comme pour quelqu&rsquo;un de professionnel, je pense que c&rsquo;est la personne id\u00e9al. Il peut faire des choses tr\u00e8s classique comme des portrait etc&#8230; Mais toujours avec sa personnalit\u00e9 mais aussi la n\u00f4tre. Et je trouve cela important. Et d&rsquo;un c\u00f4t\u00e9 , il a des id\u00e9es tr\u00e8s int\u00e9ressantes artistiquement, o\u00f9 il met plus de coeur et j&rsquo;avoue \u00eatre tr\u00e8s surprise par son travail. C&rsquo;est vraiment quelqu&rsquo;un \u00e0 l&rsquo;\u00e9coute de soi et quand on a des complexes, il aide \u00e0 se mettre \u00e0 l&rsquo;aise lors d&rsquo;une s\u00e9ance. C&rsquo;est vraiment quelqu&rsquo;un d&rsquo;admirable dans son travail.<\/strong><\/p>\n<p><!--:--><\/p>\n","protected":false},"excerpt":{"rendered":"<p>Quelques mots de mod\u00e8les suite \u00e0\u00a0une s\u00e9ance: Nathalie: Enfin je prends quelques minutes pour laisser mon empreinte! Il y a maintenant un an que nous travaillons ensemble, et je ne trouve pas de mot assez fort pour dire combien j&rsquo;en suis heureuse. Tu es un photographe extraordinaire, adorable et humain, avec un talent cr\u00e9atif hors<a class=\"rmore\" href=\"https:\/\/p1327.phpnet.org\/pix\/christphoto\/page-daccueil\/recueil-de-seance\/\">&nbsp;&nbsp; Read More &#8230;<\/a><\/p>\n","protected":false},"author":1,"featured_media":0,"parent":2,"menu_order":3,"comment_status":"open","ping_status":"open","template":"fullpage.php","meta":{"footnotes":""},"_links":{"self":[{"href":"https:\/\/p1327.phpnet.org\/pix\/christphoto\/wp-json\/wp\/v2\/pages\/365"}],"collection":[{"href":"https:\/\/p1327.phpnet.org\/pix\/christphoto\/wp-json\/wp\/v2\/pages"}],"about":[{"href":"https:\/\/p1327.phpnet.org\/pix\/christphoto\/wp-json\/wp\/v2\/types\/page"}],"author":[{"embeddable":true,"href":"https:\/\/p1327.phpnet.org\/pix\/christphoto\/wp-json\/wp\/v2\/users\/1"}],"replies":[{"embeddable":true,"href":"https:\/\/p1327.phpnet.org\/pix\/christphoto\/wp-json\/wp\/v2\/comments?post=365"}],"version-history":[{"count":9,"href":"https:\/\/p1327.phpnet.org\/pix\/christphoto\/wp-json\/wp\/v2\/pages\/365\/revisions"}],"predecessor-version":[{"id":1238,"href":"https:\/\/p1327.phpnet.org\/pix\/christphoto\/wp-json\/wp\/v2\/pages\/365\/revisions\/1238"}],"up":[{"embeddable":true,"href":"https:\/\/p1327.phpnet.org\/pix\/christphoto\/wp-json\/wp\/v2\/pages\/2"}],"wp:attachment":[{"href":"https:\/\/p1327.phpnet.org\/pix\/christphoto\/wp-json\/wp\/v2\/media?parent=365"}],"curies":[{"name":"wp","href":"https:\/\/api.w.org\/{rel}","templated":true}]}}