{"id":321,"date":"2014-02-22T10:52:12","date_gmt":"2014-02-22T09:52:12","guid":{"rendered":"http:\/\/p1327.phpnet.org\/christphoto\/?page_id=321"},"modified":"2020-02-16T12:33:30","modified_gmt":"2020-02-16T11:33:30","slug":"handicape-et-alors","status":"publish","type":"page","link":"https:\/\/p1327.phpnet.org\/pix\/christphoto\/handicape-et-alors\/","title":{"rendered":"Handi&#8230; et alors ?"},"content":{"rendered":"<p><!--:en--><\/p>\n<p><!--:--><!--:fr--><\/p>\n<h2 style=\"text-align: center;\">Handicap\u00e9&#8230; et alors ??<\/h2>\n<h2 style=\"text-align: center;\">Travail d&rsquo;auteur avec Nathalie, une jeune femme parapl\u00e9gique<br \/>\npour d\u00e9montrer que l&rsquo;on peut avoir des diff\u00e9rences, comme un handicap,<br \/>\nfaire de belle photo, pleine de beaut\u00e9, de joie et avec une pointe de glamour.<br \/>\n<em><strong>Comme quoi l&rsquo;on peut vivre avec nos diff\u00e9rences.<\/strong><\/em><\/h2>\n<h2 style=\"text-align: center;\"><img loading=\"lazy\" decoding=\"async\" class=\"aligncenter size-medium wp-image-541\" src=\"http:\/\/p1327.phpnet.org\/pix\/christphoto\/wp-content\/uploads\/2014\/02\/handi-15-199x300.jpg\" alt=\"handi (15)\" width=\"199\" height=\"300\" srcset=\"https:\/\/p1327.phpnet.org\/pix\/christphoto\/wp-content\/uploads\/2014\/02\/handi-15-199x300.jpg 199w, https:\/\/p1327.phpnet.org\/pix\/christphoto\/wp-content\/uploads\/2014\/02\/handi-15.jpg 664w\" sizes=\"(max-width: 199px) 100vw, 199px\" \/><a title=\"Handi photo\" href=\"http:\/\/p1327.phpnet.org\/pix\/christphoto\/?p=798\/\">Galerie<\/a><\/h2>\n<h2 style=\"text-align: center;\"><\/h2>\n<p><!--:--><\/p>\n","protected":false},"excerpt":{"rendered":"<p>Handicap\u00e9&#8230; et alors ?? Travail d&rsquo;auteur avec Nathalie, une jeune femme parapl\u00e9gique pour d\u00e9montrer que l&rsquo;on peut avoir des diff\u00e9rences, comme un handicap, faire de belle photo, pleine de beaut\u00e9, de joie et avec une pointe de glamour. Comme quoi l&rsquo;on peut vivre avec nos diff\u00e9rences. Galerie<\/p>\n","protected":false},"author":1,"featured_media":0,"parent":0,"menu_order":0,"comment_status":"open","ping_status":"open","template":"fullpage.php","meta":{"footnotes":""},"_links":{"self":[{"href":"https:\/\/p1327.phpnet.org\/pix\/christphoto\/wp-json\/wp\/v2\/pages\/321"}],"collection":[{"href":"https:\/\/p1327.phpnet.org\/pix\/christphoto\/wp-json\/wp\/v2\/pages"}],"about":[{"href":"https:\/\/p1327.phpnet.org\/pix\/christphoto\/wp-json\/wp\/v2\/types\/page"}],"author":[{"embeddable":true,"href":"https:\/\/p1327.phpnet.org\/pix\/christphoto\/wp-json\/wp\/v2\/users\/1"}],"replies":[{"embeddable":true,"href":"https:\/\/p1327.phpnet.org\/pix\/christphoto\/wp-json\/wp\/v2\/comments?post=321"}],"version-history":[{"count":18,"href":"https:\/\/p1327.phpnet.org\/pix\/christphoto\/wp-json\/wp\/v2\/pages\/321\/revisions"}],"predecessor-version":[{"id":1249,"href":"https:\/\/p1327.phpnet.org\/pix\/christphoto\/wp-json\/wp\/v2\/pages\/321\/revisions\/1249"}],"wp:attachment":[{"href":"https:\/\/p1327.phpnet.org\/pix\/christphoto\/wp-json\/wp\/v2\/media?parent=321"}],"curies":[{"name":"wp","href":"https:\/\/api.w.org\/{rel}","templated":true}]}}