{"id":1159,"date":"2016-11-11T14:29:38","date_gmt":"2016-11-11T13:29:38","guid":{"rendered":"http:\/\/p1327.phpnet.org\/pix\/christphoto\/?page_id=1159"},"modified":"2016-11-11T14:32:35","modified_gmt":"2016-11-11T13:32:35","slug":"inaccessible","status":"publish","type":"page","link":"https:\/\/p1327.phpnet.org\/pix\/christphoto\/serie-2\/inaccessible\/","title":{"rendered":"Inaccessible"},"content":{"rendered":"<h3><u>D\u00e9marche de l&rsquo;auteur:<br \/>\n<\/u><em><strong>Ma recherche existentielle est la qu\u00eate de la perfection&#8230;accessible ou non?<\/strong><\/em><\/h3>\n<h3>J&rsquo;ai toujours eu envie de mettre en valeur toutes les femmes avec leurs diff\u00e9rences et particularit\u00e9 !<br \/>\nJ&rsquo;ai longtemps tourn\u00e9 autour de diff\u00e9rents styles, et j&rsquo;ai d\u00e9couvert que le plus simple est le plus efficace, donc j&rsquo;ai choisi le nu pour pr\u00e9senter toutes ces sc\u00e8nes, pour ne pas \u00eatre bloqu\u00e9 par les barri\u00e8res culturelles que nous imposent les v\u00eatements. En effet, on nous classe toujours par cat\u00e9gorie selon nos styles vestimentaires. J&rsquo;ai souhait\u00e9 que chaque femme ne soit pas cat\u00e9goris\u00e9e, mais simplement la repr\u00e9sentation d&rsquo;elle-m\u00eame.<br \/>\nJ&rsquo;ai essay\u00e9 de pr\u00e9senter un maximum de types de personnes, varier les morphologies, les \u00e2ges par exemple, pour que personne ne soit oubli\u00e9.<br \/>\nJ&rsquo;aime aussi que mes photos parlent, racontent quelque chose et quoi de mieux que d\u00e9montrer toutes les recherches perp\u00e9tuelles de perfection que la soci\u00e9t\u00e9 nous impose et que, du coup, on s&rsquo;impose \u00e0 soi-m\u00eame.<br \/>\nCes photos ont souvent plusieurs mani\u00e8res d&rsquo;\u00eatre lues; \u00e7a peut \u00eatre un message simple, plusieurs messages ou encore un cachant un autre plus complexe. Certaines sc\u00e8nes sont plus \u00ab\u00a0l\u00e9g\u00e8res\u00a0\u00bb que d&rsquo;autres. J&rsquo;ai voulu que l&rsquo;on ait des photos tr\u00e8s simples et \u00ab\u00a0jolies\u00a0\u00bb, suivies par d&rsquo;autres bien plus lourdes, plus froides d&rsquo;ambiance, car cela repr\u00e9sente assez bien mon style, aussi vari\u00e9 et h\u00e9t\u00e9roclite que cette s\u00e9rie.<br \/>\nJe dirais que chaque sc\u00e8ne est unique dans ses messages, mais unie aux autres dans le but, car \u00ab\u00a0Nul besoin de perfection r\u00e9barbative, on a tous une part de perfection en soi, \u00a0il suffit de la chercher et de l&rsquo;accepter comme telle.\u00a0\u00bb<\/h3>\n<h3><strong>Nous sommes tous \u00e0 la recherche d&rsquo;une certaine perfection, accessible ou pas.<\/strong><\/h3>\n<h3>Christophe buffetrille<\/h3>\n<p><a href=\"http:\/\/p1327.phpnet.org\/pix\/christphoto\/serie-2\/gallery13\/\"><img loading=\"lazy\" decoding=\"async\" class=\"alignleft wp-image-1031 size-medium\" src=\"http:\/\/p1327.phpnet.org\/pix\/christphoto\/wp-content\/uploads\/simple_photo_gallery\/13\/DSC_5674-Modifier-300x199.jpg\" alt=\"dsc_5674-modifier-2\" width=\"300\" height=\"199\" \/><\/a><a href=\"http:\/\/p1327.phpnet.org\/pix\/christphoto\/serie-2\/gallery12\/\"><img loading=\"lazy\" decoding=\"async\" class=\"alignleft wp-image-1018 size-medium\" src=\"http:\/\/p1327.phpnet.org\/pix\/christphoto\/wp-content\/uploads\/simple_photo_gallery\/12\/DSC_4887-Modifier-300x199.jpg\" alt=\"dsc_4887-modifier-2\" width=\"300\" height=\"199\" \/><\/a><a href=\"http:\/\/p1327.phpnet.org\/pix\/christphoto\/serie-2\/gallery14\/\"><img loading=\"lazy\" decoding=\"async\" class=\"alignleft wp-image-965 size-medium\" src=\"http:\/\/p1327.phpnet.org\/pix\/christphoto\/wp-content\/uploads\/2015\/10\/PHG_2688-Modifier-Modifier-200x300.jpg\" alt=\"PHG_2688-Modifier-Modifier\" width=\"200\" height=\"300\" \/><\/a><\/p>\n","protected":false},"excerpt":{"rendered":"<p>D\u00e9marche de l&rsquo;auteur: Ma recherche existentielle est la qu\u00eate de la perfection&#8230;accessible ou non? J&rsquo;ai toujours eu envie de mettre en valeur toutes les femmes avec leurs diff\u00e9rences et particularit\u00e9 ! J&rsquo;ai longtemps tourn\u00e9 autour de diff\u00e9rents styles, et j&rsquo;ai d\u00e9couvert que le plus simple est le plus efficace, donc j&rsquo;ai choisi le nu pour<a class=\"rmore\" href=\"https:\/\/p1327.phpnet.org\/pix\/christphoto\/serie-2\/inaccessible\/\">&nbsp;&nbsp; Read More &#8230;<\/a><\/p>\n","protected":false},"author":1,"featured_media":0,"parent":504,"menu_order":0,"comment_status":"closed","ping_status":"closed","template":"fullpage.php","meta":{"footnotes":""},"_links":{"self":[{"href":"https:\/\/p1327.phpnet.org\/pix\/christphoto\/wp-json\/wp\/v2\/pages\/1159"}],"collection":[{"href":"https:\/\/p1327.phpnet.org\/pix\/christphoto\/wp-json\/wp\/v2\/pages"}],"about":[{"href":"https:\/\/p1327.phpnet.org\/pix\/christphoto\/wp-json\/wp\/v2\/types\/page"}],"author":[{"embeddable":true,"href":"https:\/\/p1327.phpnet.org\/pix\/christphoto\/wp-json\/wp\/v2\/users\/1"}],"replies":[{"embeddable":true,"href":"https:\/\/p1327.phpnet.org\/pix\/christphoto\/wp-json\/wp\/v2\/comments?post=1159"}],"version-history":[{"count":5,"href":"https:\/\/p1327.phpnet.org\/pix\/christphoto\/wp-json\/wp\/v2\/pages\/1159\/revisions"}],"predecessor-version":[{"id":1164,"href":"https:\/\/p1327.phpnet.org\/pix\/christphoto\/wp-json\/wp\/v2\/pages\/1159\/revisions\/1164"}],"up":[{"embeddable":true,"href":"https:\/\/p1327.phpnet.org\/pix\/christphoto\/wp-json\/wp\/v2\/pages\/504"}],"wp:attachment":[{"href":"https:\/\/p1327.phpnet.org\/pix\/christphoto\/wp-json\/wp\/v2\/media?parent=1159"}],"curies":[{"name":"wp","href":"https:\/\/api.w.org\/{rel}","templated":true}]}}